{"id":33,"date":"2025-07-23T09:53:48","date_gmt":"2025-07-23T09:53:48","guid":{"rendered":"http:\/\/mathsetlau.ovh\/index.php\/about\/"},"modified":"2026-04-13T18:39:50","modified_gmt":"2026-04-13T18:39:50","slug":"about","status":"publish","type":"page","link":"https:\/\/mathsetlau.ovh\/index.php\/about\/","title":{"rendered":"Services"},"content":{"rendered":"\t\t<div data-elementor-type=\"wp-page\" data-elementor-id=\"33\" class=\"elementor elementor-33\">\n\t\t\t\t<div class=\"elementor-element elementor-element-44a8421b e-con-full e-flex e-con e-parent\" data-id=\"44a8421b\" data-element_type=\"container\" data-e-type=\"container\" data-settings=\"{&quot;background_background&quot;:&quot;classic&quot;}\">\n\t\t\t\t<div class=\"elementor-element elementor-element-2d26399f elementor-icon-list--layout-inline elementor-align-center elementor-list-item-link-full_width elementor-widget elementor-widget-icon-list\" data-id=\"2d26399f\" data-element_type=\"widget\" data-e-type=\"widget\" data-widget_type=\"icon-list.default\">\n\t\t\t\t\t\t\t<ul class=\"elementor-icon-list-items elementor-inline-items\">\n\t\t\t\t\t\t\t<li class=\"elementor-icon-list-item elementor-inline-item\">\n\t\t\t\t\t\t\t\t\t\t<span class=\"elementor-icon-list-text\"><\/span>\n\t\t\t\t\t\t\t\t\t<\/li>\n\t\t\t\t\t\t\t\t<li class=\"elementor-icon-list-item elementor-inline-item\">\n\t\t\t\t\t\t\t\t\t\t<span class=\"elementor-icon-list-text\"><\/span>\n\t\t\t\t\t\t\t\t\t<\/li>\n\t\t\t\t\t\t\t\t<li class=\"elementor-icon-list-item elementor-inline-item\">\n\t\t\t\t\t\t\t\t\t\t<span class=\"elementor-icon-list-text\"><\/span>\n\t\t\t\t\t\t\t\t\t<\/li>\n\t\t\t\t\t\t\t\t<li class=\"elementor-icon-list-item elementor-inline-item\">\n\t\t\t\t\t\t\t\t\t\t<span class=\"elementor-icon-list-text\"><\/span>\n\t\t\t\t\t\t\t\t\t<\/li>\n\t\t\t\t\t\t\t\t<li class=\"elementor-icon-list-item elementor-inline-item\">\n\t\t\t\t\t\t\t\t\t\t<span class=\"elementor-icon-list-text\"><\/span>\n\t\t\t\t\t\t\t\t\t<\/li>\n\t\t\t\t\t\t\t\t<li class=\"elementor-icon-list-item elementor-inline-item\">\n\t\t\t\t\t\t\t\t\t\t<span class=\"elementor-icon-list-text\"><\/span>\n\t\t\t\t\t\t\t\t\t<\/li>\n\t\t\t\t\t\t\t\t<li class=\"elementor-icon-list-item elementor-inline-item\">\n\t\t\t\t\t\t\t\t\t\t<span class=\"elementor-icon-list-text\"><\/span>\n\t\t\t\t\t\t\t\t\t<\/li>\n\t\t\t\t\t\t\t\t<li class=\"elementor-icon-list-item elementor-inline-item\">\n\t\t\t\t\t\t\t\t\t\t<span class=\"elementor-icon-list-text\"><\/span>\n\t\t\t\t\t\t\t\t\t<\/li>\n\t\t\t\t\t\t\t\t<li class=\"elementor-icon-list-item elementor-inline-item\">\n\t\t\t\t\t\t\t\t\t\t<span class=\"elementor-icon-list-text\"><\/span>\n\t\t\t\t\t\t\t\t\t<\/li>\n\t\t\t\t\t\t\t\t<li class=\"elementor-icon-list-item elementor-inline-item\">\n\t\t\t\t\t\t\t\t\t\t<span class=\"elementor-icon-list-text\"><\/span>\n\t\t\t\t\t\t\t\t\t<\/li>\n\t\t\t\t\t\t\t\t<li class=\"elementor-icon-list-item elementor-inline-item\">\n\t\t\t\t\t\t\t\t\t\t<span class=\"elementor-icon-list-text\"><\/span>\n\t\t\t\t\t\t\t\t\t<\/li>\n\t\t\t\t\t\t\t\t<li class=\"elementor-icon-list-item elementor-inline-item\">\n\t\t\t\t\t\t\t\t\t\t<span class=\"elementor-icon-list-text\"><\/span>\n\t\t\t\t\t\t\t\t\t<\/li>\n\t\t\t\t\t\t\t\t<li class=\"elementor-icon-list-item elementor-inline-item\">\n\t\t\t\t\t\t\t\t\t\t<span class=\"elementor-icon-list-text\"><\/span>\n\t\t\t\t\t\t\t\t\t<\/li>\n\t\t\t\t\t\t\t\t<li class=\"elementor-icon-list-item elementor-inline-item\">\n\t\t\t\t\t\t\t\t\t\t<span class=\"elementor-icon-list-text\"><\/span>\n\t\t\t\t\t\t\t\t\t<\/li>\n\t\t\t\t\t\t\t\t<li class=\"elementor-icon-list-item elementor-inline-item\">\n\t\t\t\t\t\t\t\t\t\t<span class=\"elementor-icon-list-text\"><\/span>\n\t\t\t\t\t\t\t\t\t<\/li>\n\t\t\t\t\t\t\t\t<li class=\"elementor-icon-list-item elementor-inline-item\">\n\t\t\t\t\t\t\t\t\t\t<span class=\"elementor-icon-list-text\"><\/span>\n\t\t\t\t\t\t\t\t\t<\/li>\n\t\t\t\t\t\t\t\t<li class=\"elementor-icon-list-item elementor-inline-item\">\n\t\t\t\t\t\t\t\t\t\t<span class=\"elementor-icon-list-text\"><\/span>\n\t\t\t\t\t\t\t\t\t<\/li>\n\t\t\t\t\t\t\t\t<li class=\"elementor-icon-list-item elementor-inline-item\">\n\t\t\t\t\t\t\t\t\t\t<span class=\"elementor-icon-list-text\"><\/span>\n\t\t\t\t\t\t\t\t\t<\/li>\n\t\t\t\t\t\t<\/ul>\n\t\t\t\t\t\t<\/div>\n\t\t\t\t<\/div>\n\t\t<div class=\"elementor-element elementor-element-3ae4c34c e-con-full e-flex e-con e-parent\" data-id=\"3ae4c34c\" data-element_type=\"container\" data-e-type=\"container\" data-settings=\"{&quot;background_background&quot;:&quot;gradient&quot;}\">\n\t\t<div class=\"elementor-element elementor-element-3afac7d2 e-con-full e-flex e-con e-child\" data-id=\"3afac7d2\" data-element_type=\"container\" data-e-type=\"container\">\n\t\t\t\t<div class=\"elementor-element elementor-element-3f17463b elementor-widget elementor-widget-heading\" data-id=\"3f17463b\" data-element_type=\"widget\" data-e-type=\"widget\" data-widget_type=\"heading.default\">\n\t\t\t\t\t<h2 class=\"elementor-heading-title elementor-size-default\">Accompagnement en ligne<\/h2>\t\t\t\t<\/div>\n\t\t\t\t<div class=\"elementor-element elementor-element-3709e214 elementor-widget-tablet__width-inherit elementor-widget elementor-widget-text-editor\" data-id=\"3709e214\" data-element_type=\"widget\" data-e-type=\"widget\" data-widget_type=\"text-editor.default\">\n\t\t\t\t\t\t\t\t\t<p data-start=\"101\" data-end=\"176\">Apr\u00e8s la r\u00e9servation d\u2019un cr\u00e9neau horaire, un lien de connexion est envoy\u00e9.<\/p>\n<p data-start=\"178\" data-end=\"203\">L\u2019\u00e9change dure une heure.<\/p>\n<p data-start=\"205\" data-end=\"270\">L\u2019accompagn\u00e9\u00b7e choisit les points qu\u2019il ou elle souhaite aborder.<\/p>\n<p data-start=\"272\" data-end=\"321\">Un bilan est r\u00e9alis\u00e9 en fin de s\u00e9ance, incluant :<\/p>\n<ul data-start=\"322\" data-end=\"423\">\n<li data-section-id=\"h1kuk9\" data-start=\"322\" data-end=\"346\">les notions abord\u00e9es<\/li>\n<li data-section-id=\"1eheh66\" data-start=\"347\" data-end=\"361\">les acquis<\/li>\n<li data-section-id=\"ppf495\" data-start=\"362\" data-end=\"389\">les axes de progression<\/li>\n<li data-section-id=\"1bas39q\" data-start=\"390\" data-end=\"423\">les automatismes \u00e0 d\u00e9velopper<\/li>\n<\/ul>\n<p><i style=\"color: inherit; font-family: inherit; font-size: 1.75rem;\"><br><\/i><\/p><p><i style=\"color: inherit; font-family: inherit; font-size: 1.75rem;\">Un accompagnement \u00e0 domicile, simple \u00e0 mettre en place et facilement accessible !&nbsp;<\/i><\/p>\t\t\t\t\t\t\t\t<\/div>\n\t\t\t\t<\/div>\n\t\t<div class=\"elementor-element elementor-element-48500160 e-con-full e-flex e-con e-child\" data-id=\"48500160\" data-element_type=\"container\" data-e-type=\"container\">\n\t\t<div class=\"elementor-element elementor-element-422980c0 e-con-full e-flex e-con e-child\" data-id=\"422980c0\" data-element_type=\"container\" data-e-type=\"container\">\n\t\t\t\t<div class=\"elementor-element elementor-element-4c8b1e1 elementor-widget elementor-widget-image\" data-id=\"4c8b1e1\" data-element_type=\"widget\" data-e-type=\"widget\" data-widget_type=\"image.default\">\n\t\t\t\t\t\t\t\t\t\t\t\t\t\t\t<img fetchpriority=\"high\" decoding=\"async\" width=\"683\" height=\"1024\" src=\"https:\/\/mathsetlau.ovh\/wp-content\/uploads\/2025\/10\/poulpe_visio-683x1024.png\" class=\"attachment-large size-large wp-image-308\" alt=\"\" srcset=\"https:\/\/mathsetlau.ovh\/wp-content\/uploads\/2025\/10\/poulpe_visio-683x1024.png 683w, https:\/\/mathsetlau.ovh\/wp-content\/uploads\/2025\/10\/poulpe_visio-200x300.png 200w, https:\/\/mathsetlau.ovh\/wp-content\/uploads\/2025\/10\/poulpe_visio-768x1152.png 768w, https:\/\/mathsetlau.ovh\/wp-content\/uploads\/2025\/10\/poulpe_visio.png 1024w\" sizes=\"(max-width: 683px) 100vw, 683px\" \/>\t\t\t\t\t\t\t\t\t\t\t\t\t\t\t<\/div>\n\t\t\t\t<div class=\"elementor-element elementor-element-7c1ada8 elementor-widget elementor-widget-button\" data-id=\"7c1ada8\" data-element_type=\"widget\" data-e-type=\"widget\" data-widget_type=\"button.default\">\n\t\t\t\t\t\t\t\t\t\t<a class=\"elementor-button elementor-button-link elementor-size-sm\" href=\"http:\/\/mathsetlau.ovh\/index.php\/contact-us\/\">\n\t\t\t\t\t\t<span class=\"elementor-button-content-wrapper\">\n\t\t\t\t\t\t\t\t\t<span class=\"elementor-button-text\">Accompagnement en ligne<\/span>\n\t\t\t\t\t<\/span>\n\t\t\t\t\t<\/a>\n\t\t\t\t\t\t\t\t<\/div>\n\t\t\t\t<\/div>\n\t\t\t\t<\/div>\n\t\t\t\t<\/div>\n\t\t<div class=\"elementor-element elementor-element-f63ceb8 e-flex e-con-boxed e-con e-parent\" data-id=\"f63ceb8\" data-element_type=\"container\" data-e-type=\"container\">\n\t\t\t\t\t<div class=\"e-con-inner\">\n\t\t<div class=\"elementor-element elementor-element-41e2733 e-con-full e-flex e-con e-child\" data-id=\"41e2733\" data-element_type=\"container\" data-e-type=\"container\">\n\t\t\t\t<div class=\"elementor-element elementor-element-082c8cd elementor-widget elementor-widget-image\" data-id=\"082c8cd\" data-element_type=\"widget\" data-e-type=\"widget\" data-widget_type=\"image.default\">\n\t\t\t\t\t\t\t\t\t\t\t\t\t\t\t<img decoding=\"async\" width=\"800\" height=\"534\" src=\"https:\/\/mathsetlau.ovh\/wp-content\/uploads\/2025\/10\/poulpe_domicile-1024x683.png\" class=\"attachment-large size-large wp-image-347\" alt=\"\" srcset=\"https:\/\/mathsetlau.ovh\/wp-content\/uploads\/2025\/10\/poulpe_domicile-1024x683.png 1024w, https:\/\/mathsetlau.ovh\/wp-content\/uploads\/2025\/10\/poulpe_domicile-300x200.png 300w, https:\/\/mathsetlau.ovh\/wp-content\/uploads\/2025\/10\/poulpe_domicile-768x512.png 768w, https:\/\/mathsetlau.ovh\/wp-content\/uploads\/2025\/10\/poulpe_domicile.png 1536w\" sizes=\"(max-width: 800px) 100vw, 800px\" \/>\t\t\t\t\t\t\t\t\t\t\t\t\t\t\t<\/div>\n\t\t\t\t<div class=\"elementor-element elementor-element-e2e1743 elementor-widget elementor-widget-button\" data-id=\"e2e1743\" data-element_type=\"widget\" data-e-type=\"widget\" data-widget_type=\"button.default\">\n\t\t\t\t\t\t\t\t\t\t<a class=\"elementor-button elementor-button-link elementor-size-sm\" href=\"http:\/\/mathsetlau.ovh\/index.php\/contact-us\/\">\n\t\t\t\t\t\t<span class=\"elementor-button-content-wrapper\">\n\t\t\t\t\t\t\t\t\t<span class=\"elementor-button-text\">Accompagnement  \u00e0 domicile<\/span>\n\t\t\t\t\t<\/span>\n\t\t\t\t\t<\/a>\n\t\t\t\t\t\t\t\t<\/div>\n\t\t\t\t<\/div>\n\t\t<div class=\"elementor-element elementor-element-1d63175 e-con-full e-flex e-con e-child\" data-id=\"1d63175\" data-element_type=\"container\" data-e-type=\"container\">\n\t\t\t\t<div class=\"elementor-element elementor-element-290c3e5 elementor-widget elementor-widget-heading\" data-id=\"290c3e5\" data-element_type=\"widget\" data-e-type=\"widget\" data-widget_type=\"heading.default\">\n\t\t\t\t\t<h2 class=\"elementor-heading-title elementor-size-default\">Accompagnement \u00e0 domicile<\/h2>\t\t\t\t<\/div>\n\t\t\t\t<div class=\"elementor-element elementor-element-22079a5 elementor-widget elementor-widget-text-editor\" data-id=\"22079a5\" data-element_type=\"widget\" data-e-type=\"widget\" data-widget_type=\"text-editor.default\">\n\t\t\t\t\t\t\t\t\t<h3 data-section-id=\"fgzn3i\" data-start=\"143\" data-end=\"199\">Un accompagnement sur mesure \u00e0 Brest et ses environs<\/h3><p data-start=\"201\" data-end=\"314\">Je propose un accompagnement personnalis\u00e9, enti\u00e8rement adapt\u00e9 aux besoins et aux objectifs de chaque apprenant\u00b7e.<\/p><p data-start=\"316\" data-end=\"413\">Les cours s\u2019adressent \u00e0 tous les niveaux, du primaire (CP, CE1\u2026) jusqu\u2019au niveau master (bac +5).<\/p><h3 data-section-id=\"51y4kr\" data-start=\"415\" data-end=\"453\">Une m\u00e9thode structur\u00e9e et efficace<\/h3><p data-start=\"455\" data-end=\"640\">Chaque accompagnement d\u00e9bute par un premier bilan et un \u00e9change avec l\u2019apprenant\u00b7e.<br data-start=\"538\" data-end=\"541\" \/>Cela permet de d\u00e9finir un programme de travail clair et adapt\u00e9 pour atteindre les objectifs fix\u00e9s :<\/p><ul data-start=\"641\" data-end=\"774\"><li data-section-id=\"b11hoh\" data-start=\"641\" data-end=\"664\">reprendre confiance<\/li><li data-section-id=\"rmmw04\" data-start=\"665\" data-end=\"692\">am\u00e9liorer ses r\u00e9sultats<\/li><li data-section-id=\"ozmbyu\" data-start=\"693\" data-end=\"739\">acqu\u00e9rir des m\u00e9thodes de travail efficaces<\/li><li data-section-id=\"1heqv02\" data-start=\"740\" data-end=\"774\">d\u00e9velopper des outils durables<\/li><\/ul><h3 data-section-id=\"1spa0f8\" data-start=\"776\" data-end=\"813\">Un suivi r\u00e9gulier pour progresser<\/h3><p data-start=\"815\" data-end=\"898\">\u00c0 la fin de chaque s\u00e9ance, un bilan \u00e9crit est transmis afin de faire le point sur :<\/p><ul data-start=\"899\" data-end=\"976\"><li data-section-id=\"h1kuk9\" data-start=\"899\" data-end=\"923\">les notions abord\u00e9es<\/li><li data-section-id=\"1b7wfvr\" data-start=\"924\" data-end=\"948\">les progr\u00e8s r\u00e9alis\u00e9s<\/li><li data-section-id=\"1nui3hc\" data-start=\"949\" data-end=\"976\">les axes d\u2019am\u00e9lioration<\/li><\/ul><p>\u00a0<\/p><p data-start=\"978\" data-end=\"1132\">Pour renforcer les acquis, des exercices peuvent \u00eatre propos\u00e9s \u00e0 r\u00e9aliser \u00e0 domicile.<br data-start=\"1063\" data-end=\"1066\" \/>Ils sont ensuite corrig\u00e9s et expliqu\u00e9s lors de la s\u00e9ance suivante.<\/p>\t\t\t\t\t\t\t\t<\/div>\n\t\t\t\t<\/div>\n\t\t\t\t\t<\/div>\n\t\t\t\t<\/div>\n\t\t<div class=\"elementor-element elementor-element-fc047e0 e-flex e-con-boxed e-con e-parent\" data-id=\"fc047e0\" data-element_type=\"container\" data-e-type=\"container\">\n\t\t\t\t\t<div class=\"e-con-inner\">\n\t\t<div class=\"elementor-element elementor-element-22dca45 e-con-full e-flex e-con e-child\" data-id=\"22dca45\" data-element_type=\"container\" data-e-type=\"container\">\n\t\t\t\t<div class=\"elementor-element elementor-element-ecf3066 elementor-widget elementor-widget-heading\" data-id=\"ecf3066\" data-element_type=\"widget\" data-e-type=\"widget\" data-widget_type=\"heading.default\">\n\t\t\t\t\t<h2 class=\"elementor-heading-title elementor-size-default\">Animation en structure<\/h2>\t\t\t\t<\/div>\n\t\t\t\t<div class=\"elementor-element elementor-element-bbffe83 elementor-widget elementor-widget-text-editor\" data-id=\"bbffe83\" data-element_type=\"widget\" data-e-type=\"widget\" data-widget_type=\"text-editor.default\">\n\t\t\t\t\t\t\t\t\t<h3 data-section-id=\"v5qbv3\" data-start=\"93\" data-end=\"149\">\u00a0<\/h3><h3 data-section-id=\"v5qbv3\" data-start=\"93\" data-end=\"149\">Les math\u00e9matiques : une comp\u00e9tence cl\u00e9 pour l\u2019avenir<\/h3><p data-start=\"151\" data-end=\"341\">Les math\u00e9matiques sont au c\u0153ur des m\u00e9tiers de demain. Elles d\u00e9veloppent l\u2019esprit critique, la logique et la capacit\u00e9 \u00e0 r\u00e9soudre des probl\u00e8mes\u2026 et pourtant, elles restent souvent mal per\u00e7ues.<\/p><h3 data-section-id=\"1po5hxn\" data-start=\"343\" data-end=\"404\">Une approche diff\u00e9rente pour (re)donner le go\u00fbt des maths<\/h3><p data-start=\"406\" data-end=\"560\">Pour changer cette perception, proposez \u00e0 vos \u00e9l\u00e8ves \u2014 enfants, adolescents ou adultes \u2014 une approche concr\u00e8te, dynamique et accessible des math\u00e9matiques.<\/p><h3 data-section-id=\"2x43m0\" data-start=\"562\" data-end=\"600\">Un accompagnement 100 % sur mesure<\/h3><p data-start=\"602\" data-end=\"653\">Chaque intervention est enti\u00e8rement personnalis\u00e9e :<\/p><ul data-start=\"654\" data-end=\"828\"><li data-section-id=\"1mhpz8t\" data-start=\"654\" data-end=\"703\">niveau adapt\u00e9 (du primaire au master \u2013 Bac+5)<\/li><li data-section-id=\"pz4ig4\" data-start=\"704\" data-end=\"737\">dur\u00e9e et fr\u00e9quence modulables<\/li><li data-section-id=\"4p8lrx\" data-start=\"738\" data-end=\"828\">contenus vari\u00e9s : scolaire, interactif, \u00e9valuatif, participatif, ou m\u00eame hors les murs<\/li><\/ul><div>\u00a0<\/div><p>Objectif : rendre les math\u00e9matiques plus compr\u00e9hensibles, plus vivantes\u2026 et surtout plus accessibles \u00e0 tous.<\/p><p><i style=\"font-size: 1.75rem;\">Un temps sur mesure pour une approche des math\u00e9matiques adapt\u00e9e.<\/i><\/p>\t\t\t\t\t\t\t\t<\/div>\n\t\t\t\t<\/div>\n\t\t<div class=\"elementor-element elementor-element-dfa1b00 e-con-full e-flex e-con e-child\" data-id=\"dfa1b00\" data-element_type=\"container\" data-e-type=\"container\">\n\t\t\t\t<div class=\"elementor-element elementor-element-94af8c5 elementor-widget elementor-widget-image\" data-id=\"94af8c5\" data-element_type=\"widget\" data-e-type=\"widget\" data-widget_type=\"image.default\">\n\t\t\t\t\t\t\t\t\t\t\t\t\t\t\t<img decoding=\"async\" width=\"800\" height=\"800\" src=\"https:\/\/mathsetlau.ovh\/wp-content\/uploads\/2026\/03\/poulpi_animation.png\" class=\"attachment-large size-large wp-image-533\" alt=\"\" srcset=\"https:\/\/mathsetlau.ovh\/wp-content\/uploads\/2026\/03\/poulpi_animation.png 1024w, https:\/\/mathsetlau.ovh\/wp-content\/uploads\/2026\/03\/poulpi_animation-300x300.png 300w, https:\/\/mathsetlau.ovh\/wp-content\/uploads\/2026\/03\/poulpi_animation-150x150.png 150w, https:\/\/mathsetlau.ovh\/wp-content\/uploads\/2026\/03\/poulpi_animation-768x768.png 768w\" sizes=\"(max-width: 800px) 100vw, 800px\" \/>\t\t\t\t\t\t\t\t\t\t\t\t\t\t\t<\/div>\n\t\t\t\t<div class=\"elementor-element elementor-element-8e3c30e elementor-widget elementor-widget-button\" data-id=\"8e3c30e\" data-element_type=\"widget\" data-e-type=\"widget\" data-widget_type=\"button.default\">\n\t\t\t\t\t\t\t\t\t\t<a class=\"elementor-button elementor-button-link elementor-size-sm\" href=\"http:\/\/mathsetlau.ovh\/index.php\/contact-us\/\">\n\t\t\t\t\t\t<span class=\"elementor-button-content-wrapper\">\n\t\t\t\t\t\t\t\t\t<span class=\"elementor-button-text\">Animation en structure<\/span>\n\t\t\t\t\t<\/span>\n\t\t\t\t\t<\/a>\n\t\t\t\t\t\t\t\t<\/div>\n\t\t\t\t<\/div>\n\t\t\t\t\t<\/div>\n\t\t\t\t<\/div>\n\t\t<div class=\"elementor-element elementor-element-4157c47 e-flex e-con-boxed e-con e-parent\" data-id=\"4157c47\" data-element_type=\"container\" data-e-type=\"container\">\n\t\t\t\t\t<div class=\"e-con-inner\">\n\t\t<div class=\"elementor-element elementor-element-2aab815 e-con-full e-flex e-con e-child\" data-id=\"2aab815\" data-element_type=\"container\" data-e-type=\"container\">\n\t\t\t\t<div class=\"elementor-element elementor-element-78fe3c1 elementor-widget elementor-widget-heading\" data-id=\"78fe3c1\" data-element_type=\"widget\" data-e-type=\"widget\" data-widget_type=\"heading.default\">\n\t\t\t\t\t<h2 class=\"elementor-heading-title elementor-size-default\"><span style=\"font-family: Roboto, sans-serif;font-size: 34px\">F\u00eate d'anniversaire<\/span><\/h2>\t\t\t\t<\/div>\n\t\t\t\t<div class=\"elementor-element elementor-element-bc51a2a elementor-widget elementor-widget-text-editor\" data-id=\"bc51a2a\" data-element_type=\"widget\" data-e-type=\"widget\" data-widget_type=\"text-editor.default\">\n\t\t\t\t\t\t\t\t\t<p style=\"text-align: justify;\"><span style=\"color: inherit; font-family: inherit; font-size: 1.75rem; text-align: start;\">Une animation originale pour c\u00e9l\u00e9brer un nouveau cap !<\/span><\/p><p data-start=\"151\" data-end=\"254\">Envie de marquer le passage \u00e0 une nouvelle \u00e9tape avec une activit\u00e9 \u00e0 la fois ludique et enrichissante ?<\/p><p data-start=\"256\" data-end=\"320\">Et si les math\u00e9matiques devenaient un v\u00e9ritable terrain de jeu ?<\/p><h3 data-section-id=\"b7an0\" data-start=\"322\" data-end=\"363\">Une chasse au tr\u00e9sor\u2026 version maths !<\/h3><p data-start=\"365\" data-end=\"552\">Sous forme de chasse au tr\u00e9sor (th\u00e8me personnalisable), les participant\u00b7e\u00b7s rel\u00e8vent une s\u00e9rie de d\u00e9fis \u2014 math\u00e9matiques bien s\u00fbr ! \u2014 pour progresser \u00e9tape par \u00e9tape jusqu\u2019au tr\u00e9sor final.<\/p><p data-start=\"554\" data-end=\"651\">Cette animation, d\u2019une dur\u00e9e d\u2019environ 2h, allie r\u00e9flexion, coop\u00e9ration et plaisir d\u2019apprendre.<\/p><h3 data-section-id=\"1y52h91\" data-start=\"653\" data-end=\"693\">Une exp\u00e9rience compl\u00e8te et adaptable<\/h3><p data-start=\"695\" data-end=\"748\">Pour prolonger ce moment, il est possible d\u2019ajouter :<\/p><ul data-start=\"749\" data-end=\"855\"><li data-section-id=\"9i0xsl\" data-start=\"749\" data-end=\"790\">des lectures autour des math\u00e9matiques<\/li><li data-section-id=\"qfc0le\" data-start=\"791\" data-end=\"855\">des activit\u00e9s cr\u00e9atives (r\u00e9alisation d\u2019objets math\u00e9matiques)<\/li><\/ul><p data-start=\"857\" data-end=\"938\">Chaque animation est con\u00e7ue sur mesure pour s\u2019adapter au public et aux objectifs.<\/p><hr data-start=\"940\" data-end=\"943\" \/><p data-start=\"945\" data-end=\"1030\"><img decoding=\"async\" class=\"emoji\" role=\"img\" draggable=\"false\" src=\"https:\/\/s.w.org\/images\/core\/emoji\/17.0.2\/svg\/2728.svg\" alt=\"\u2728\" \/>\u00a0<i style=\"font-size: 1.75rem; text-align: justify;\">Une animation originale pour un moment \u00e0 la fois ludique, m\u00e9morable et instructif!<\/i><\/p>\t\t\t\t\t\t\t\t<\/div>\n\t\t\t\t<\/div>\n\t\t<div class=\"elementor-element elementor-element-5c42c46 e-con-full e-flex e-con e-child\" data-id=\"5c42c46\" data-element_type=\"container\" data-e-type=\"container\">\n\t\t\t\t<div class=\"elementor-element elementor-element-3fcd4b1 elementor-widget elementor-widget-image\" data-id=\"3fcd4b1\" data-element_type=\"widget\" data-e-type=\"widget\" data-widget_type=\"image.default\">\n\t\t\t\t\t\t\t\t\t\t\t\t\t\t\t<img loading=\"lazy\" decoding=\"async\" width=\"683\" height=\"1024\" src=\"https:\/\/mathsetlau.ovh\/wp-content\/uploads\/2026\/04\/Chasse-au-tresor-mathematique-des-pieuvres-683x1024.png\" class=\"attachment-large size-large wp-image-555\" alt=\"\" srcset=\"https:\/\/mathsetlau.ovh\/wp-content\/uploads\/2026\/04\/Chasse-au-tresor-mathematique-des-pieuvres-683x1024.png 683w, https:\/\/mathsetlau.ovh\/wp-content\/uploads\/2026\/04\/Chasse-au-tresor-mathematique-des-pieuvres-200x300.png 200w, https:\/\/mathsetlau.ovh\/wp-content\/uploads\/2026\/04\/Chasse-au-tresor-mathematique-des-pieuvres-768x1152.png 768w, https:\/\/mathsetlau.ovh\/wp-content\/uploads\/2026\/04\/Chasse-au-tresor-mathematique-des-pieuvres.png 1024w\" sizes=\"(max-width: 683px) 100vw, 683px\" \/>\t\t\t\t\t\t\t\t\t\t\t\t\t\t\t<\/div>\n\t\t\t\t<div class=\"elementor-element elementor-element-9e68c71 elementor-widget elementor-widget-button\" data-id=\"9e68c71\" data-element_type=\"widget\" data-e-type=\"widget\" data-widget_type=\"button.default\">\n\t\t\t\t\t\t\t\t\t\t<a class=\"elementor-button elementor-button-link elementor-size-sm\" href=\"#\">\n\t\t\t\t\t\t<span class=\"elementor-button-content-wrapper\">\n\t\t\t\t\t\t\t\t\t<span class=\"elementor-button-text\">F\u00eate d'anniversaire<\/span>\n\t\t\t\t\t<\/span>\n\t\t\t\t\t<\/a>\n\t\t\t\t\t\t\t\t<\/div>\n\t\t\t\t<\/div>\n\t\t\t\t\t<\/div>\n\t\t\t\t<\/div>\n\t\t\t\t<\/div>\n\t\t","protected":false},"excerpt":{"rendered":"<p>Accompagnement en ligne Apr\u00e8s la r\u00e9servation d\u2019un cr\u00e9neau horaire, un lien de connexion est envoy\u00e9. L\u2019\u00e9change dure une heure. L\u2019accompagn\u00e9\u00b7e choisit les points qu\u2019il ou elle souhaite aborder. Un bilan est r\u00e9alis\u00e9 en fin de s\u00e9ance, incluant : les notions abord\u00e9es les acquis les axes de progression les automatismes \u00e0 d\u00e9velopper Un accompagnement \u00e0 domicile, [&hellip;]<\/p>\n","protected":false},"author":1,"featured_media":0,"parent":0,"menu_order":0,"comment_status":"closed","ping_status":"closed","template":"elementor_header_footer","meta":{"footnotes":""},"class_list":["post-33","page","type-page","status-publish","hentry"],"_links":{"self":[{"href":"https:\/\/mathsetlau.ovh\/index.php\/wp-json\/wp\/v2\/pages\/33","targetHints":{"allow":["GET"]}}],"collection":[{"href":"https:\/\/mathsetlau.ovh\/index.php\/wp-json\/wp\/v2\/pages"}],"about":[{"href":"https:\/\/mathsetlau.ovh\/index.php\/wp-json\/wp\/v2\/types\/page"}],"author":[{"embeddable":true,"href":"https:\/\/mathsetlau.ovh\/index.php\/wp-json\/wp\/v2\/users\/1"}],"replies":[{"embeddable":true,"href":"https:\/\/mathsetlau.ovh\/index.php\/wp-json\/wp\/v2\/comments?post=33"}],"version-history":[{"count":145,"href":"https:\/\/mathsetlau.ovh\/index.php\/wp-json\/wp\/v2\/pages\/33\/revisions"}],"predecessor-version":[{"id":558,"href":"https:\/\/mathsetlau.ovh\/index.php\/wp-json\/wp\/v2\/pages\/33\/revisions\/558"}],"wp:attachment":[{"href":"https:\/\/mathsetlau.ovh\/index.php\/wp-json\/wp\/v2\/media?parent=33"}],"curies":[{"name":"wp","href":"https:\/\/api.w.org\/{rel}","templated":true}]}}