{"id":30,"date":"2025-07-23T09:53:48","date_gmt":"2025-07-23T09:53:48","guid":{"rendered":"http:\/\/mathsetlau.ovh\/index.php\/services\/"},"modified":"2026-04-13T18:38:03","modified_gmt":"2026-04-13T18:38:03","slug":"services","status":"publish","type":"page","link":"https:\/\/mathsetlau.ovh\/index.php\/services\/","title":{"rendered":"Nos Tarifs"},"content":{"rendered":"\t\t<div data-elementor-type=\"wp-page\" data-elementor-id=\"30\" class=\"elementor elementor-30\">\n\t\t\t\t<div class=\"elementor-element elementor-element-be56873 e-flex e-con-boxed e-con e-parent\" data-id=\"be56873\" data-element_type=\"container\" data-e-type=\"container\">\n\t\t\t\t\t<div class=\"e-con-inner\">\n\t\t\t\t<div class=\"elementor-element elementor-element-7ccfa70 elementor-widget elementor-widget-heading\" data-id=\"7ccfa70\" data-element_type=\"widget\" data-e-type=\"widget\" data-widget_type=\"heading.default\">\n\t\t\t\t\t<h2 class=\"elementor-heading-title elementor-size-default\">Nos tarifs<\/h2>\t\t\t\t<\/div>\n\t\t\t\t\t<\/div>\n\t\t\t\t<\/div>\n\t\t<div class=\"elementor-element elementor-element-357b291 e-flex e-con-boxed e-con e-parent\" data-id=\"357b291\" data-element_type=\"container\" data-e-type=\"container\">\n\t\t\t\t\t<div class=\"e-con-inner\">\n\t\t<div class=\"elementor-element elementor-element-5564e3d e-con-full e-flex e-con e-child\" data-id=\"5564e3d\" data-element_type=\"container\" data-e-type=\"container\">\n\t\t\t\t<div class=\"elementor-element elementor-element-8d15374 elementor-widget elementor-widget-text-editor\" data-id=\"8d15374\" data-element_type=\"widget\" data-e-type=\"widget\" data-widget_type=\"text-editor.default\">\n\t\t\t\t\t\t\t\t\t<p>Vous trouverez ici les tarifs pratiqu\u00e9s.<\/p><p>N&#8217;h\u00e9sitez pas \u00e0 nous contacter pour toutes questions et\/ ou informations !\u00a0\u00a0<\/p>\t\t\t\t\t\t\t\t<\/div>\n\t\t\t\t<\/div>\n\t\t<div class=\"elementor-element elementor-element-b100f7a e-con-full e-flex e-con e-child\" data-id=\"b100f7a\" data-element_type=\"container\" data-e-type=\"container\">\n\t\t\t\t<div class=\"elementor-element elementor-element-1f4324f elementor-widget elementor-widget-button\" data-id=\"1f4324f\" data-element_type=\"widget\" data-e-type=\"widget\" data-widget_type=\"button.default\">\n\t\t\t\t\t\t\t\t\t\t<a class=\"elementor-button elementor-button-link elementor-size-sm\" href=\"#\">\n\t\t\t\t\t\t<span class=\"elementor-button-content-wrapper\">\n\t\t\t\t\t\t\t\t\t<span class=\"elementor-button-text\">Nous contacter<\/span>\n\t\t\t\t\t<\/span>\n\t\t\t\t\t<\/a>\n\t\t\t\t\t\t\t\t<\/div>\n\t\t\t\t<\/div>\n\t\t\t\t\t<\/div>\n\t\t\t\t<\/div>\n\t\t<div class=\"elementor-element elementor-element-733ebe6 e-grid e-con-boxed e-con e-parent\" data-id=\"733ebe6\" data-element_type=\"container\" data-e-type=\"container\">\n\t\t\t\t\t<div class=\"e-con-inner\">\n\t\t\t\t<div class=\"elementor-element elementor-element-da71d67 elementor-widget elementor-widget-heading\" data-id=\"da71d67\" data-element_type=\"widget\" data-e-type=\"widget\" data-widget_type=\"heading.default\">\n\t\t\t\t\t<h4 class=\"elementor-heading-title elementor-size-default\"><h3 style=\"font-family: Roboto, sans-serif;letter-spacing: 1px\">Accompagnement en ligne<span style=\"font-family: Marcellus, sans-serif;font-size: 80px;letter-spacing: normal\"><\/span><\/h3><\/h4>\t\t\t\t<\/div>\n\t\t\t\t\t<\/div>\n\t\t\t\t<\/div>\n\t\t<div class=\"elementor-element elementor-element-57685ae e-grid e-con-boxed e-con e-parent\" data-id=\"57685ae\" data-element_type=\"container\" data-e-type=\"container\">\n\t\t\t\t\t<div class=\"e-con-inner\">\n\t\t\t\t<div class=\"elementor-element elementor-element-294d9f1 elementor-widget elementor-widget-text-editor\" data-id=\"294d9f1\" data-element_type=\"widget\" data-e-type=\"widget\" data-widget_type=\"text-editor.default\">\n\t\t\t\t\t\t\t\t\t<p>Tarif:\u00a0<\/p><h3>20\u20ac\/h pour le primaire<\/h3><h3>30\u20ac\/h pour le coll\u00e8ge<\/h3><h3>40\u20ac\/h pour le lyc\u00e9e<\/h3><div><h3 style=\"color: #1297e0; font-family: Roboto, sans-serif;\">50\u20ac\/h apr\u00e8s le bac<\/h3><\/div><div>\u00a0<\/div>\t\t\t\t\t\t\t\t<\/div>\n\t\t\t\t<div class=\"elementor-element elementor-element-2b9650f elementor-widget elementor-widget-text-editor\" data-id=\"2b9650f\" data-element_type=\"widget\" data-e-type=\"widget\" data-widget_type=\"text-editor.default\">\n\t\t\t\t\t\t\t\t\t<p>Le d\u00e9roulement est le suivant:\u00a0<\/p><p>&#8211; inscription sur un cr\u00e9neau d&#8217;1heure \u00e0 2 heures<\/p><p>&#8211; paiement en avance<\/p><p>&#8211; connexion via Google Meet<\/p><p>&#8211; \u00e0 la fin de l&#8217;\u00e9change, un bilan \u00e9crit est envoy\u00e9 \u00e0 l&#8217;accompagn\u00e9.e.<\/p>\t\t\t\t\t\t\t\t<\/div>\n\t\t\t\t<div class=\"elementor-element elementor-element-52b5e8f elementor-widget elementor-widget-text-editor\" data-id=\"52b5e8f\" data-element_type=\"widget\" data-e-type=\"widget\" data-widget_type=\"text-editor.default\">\n\t\t\t\t\t\t\t\t\t<p>Ce service comprend (modifiable et\u00a0 adaptable suivant le besoin et le temps allou\u00e9) un accompagnement personnalis\u00e9 en math\u00e9matiques pour :<\/p><p>&#8211; comprendre une le\u00e7on,\u00a0<\/p><p>&#8211; expliquer,\u00a0<\/p><p>&#8211; manipuler des notions,\u00a0<\/p><p>&#8211;\u00a0 faire des exercices,\u00a0<\/p><p>&#8211; am\u00e9liorer ses m\u00e9thodes de travail,\u00a0<\/p><p>&#8211; conna\u00eetre ses points forts\/ points d&#8217;am\u00e9lioration,\u00a0<\/p><p>&#8211; reprendre confiance en soi&#8230;<\/p>\t\t\t\t\t\t\t\t<\/div>\n\t\t\t\t\t<\/div>\n\t\t\t\t<\/div>\n\t\t<div class=\"elementor-element elementor-element-f34de7d e-grid e-con-boxed e-con e-parent\" data-id=\"f34de7d\" data-element_type=\"container\" data-e-type=\"container\">\n\t\t\t\t\t<div class=\"e-con-inner\">\n\t\t\t\t<div class=\"elementor-element elementor-element-5c75f65 elementor-widget elementor-widget-text-editor\" data-id=\"5c75f65\" data-element_type=\"widget\" data-e-type=\"widget\" data-widget_type=\"text-editor.default\">\n\t\t\t\t\t\t\t\t\t<h3>Accompagnement \u00e0 domicile<\/h3>\n<h3 style=\"color: #1297e0; font-family: Roboto, sans-serif;\"><br><\/h3>\t\t\t\t\t\t\t\t<\/div>\n\t\t\t\t\t<\/div>\n\t\t\t\t<\/div>\n\t\t<div class=\"elementor-element elementor-element-f2569a8 e-flex e-con-boxed e-con e-parent\" data-id=\"f2569a8\" data-element_type=\"container\" data-e-type=\"container\">\n\t\t\t\t\t<div class=\"e-con-inner\">\n\t\t<div class=\"elementor-element elementor-element-4df918c e-grid e-con-full e-con e-child\" data-id=\"4df918c\" data-element_type=\"container\" data-e-type=\"container\">\n\t\t\t\t<div class=\"elementor-element elementor-element-1f34c23 elementor-widget elementor-widget-text-editor\" data-id=\"1f34c23\" data-element_type=\"widget\" data-e-type=\"widget\" data-widget_type=\"text-editor.default\">\n\t\t\t\t\t\t\t\t\t<p>\u00a0<\/p><h3>20\u20ac\/h pour le primaire, soit 10\u20ac\/h environ apr\u00e8s d\u00e9duction<\/h3><h3>30\u20ac\/h pour le coll\u00e8ge, soit 15\u20ac\/h environ apr\u00e8s d\u00e9duction<\/h3><h3>40\u20ac\/h pour le lyc\u00e9e,\u00a0soit 20\u20ac\/h environ apr\u00e8s d\u00e9duction<\/h3><div><h3>50\u20ac\/h apr\u00e8s le bac,\u00a0soit 25\u20ac\/h environ apr\u00e8s d\u00e9duction<\/h3><\/div><h3>nota: Tarif soumis \u00e0 la d\u00e9duction d&#8217;imp\u00f4ts dans le cadre du service \u00e0 la personne\u00a0<\/h3><p>\u00a0<\/p>\t\t\t\t\t\t\t\t<\/div>\n\t\t\t\t<div class=\"elementor-element elementor-element-7a204eb elementor-widget elementor-widget-heading\" data-id=\"7a204eb\" data-element_type=\"widget\" data-e-type=\"widget\" data-widget_type=\"heading.default\">\n\t\t\t\t\t<h2 class=\"elementor-heading-title elementor-size-default\"><span style=\"font-family: Roboto, sans-serif;font-size: 20px;letter-spacing: 1px\">Le d\u00e9roulement est le suivant:&nbsp;<\/span><p style=\"font-family: Roboto, sans-serif;font-size: 20px;letter-spacing: 1px\">- contact par mail ou t\u00e9l\u00e9phone pour la date, lieu et dur\u00e9e<\/p><p style=\"font-family: Roboto, sans-serif;font-size: 20px;letter-spacing: 1px\">- \u00e9change avec l'accompagn\u00e9.e. (bilan \u00e9crit lors de la premi\u00e8re s\u00e9ance, \u00e0 partir de questions et tests)<\/p><span style=\"font-family: Roboto, sans-serif;font-size: 20px;letter-spacing: 1px\">-un bilan \u00e9crit est transmis \u00e0 l'accompagn\u00e9.e.<\/span><\/h2>\t\t\t\t<\/div>\n\t\t\t\t<div class=\"elementor-element elementor-element-887359d elementor-widget elementor-widget-text-editor\" data-id=\"887359d\" data-element_type=\"widget\" data-e-type=\"widget\" data-widget_type=\"text-editor.default\">\n\t\t\t\t\t\t\t\t\t<p>Ce service comprend (modifiable et\u00a0 adaptable suivant le besoin et le temps allou\u00e9)\u00a0un accompagnement personnalis\u00e9 en math\u00e9matiques pour :<\/p><p>&#8211; comprendre une le\u00e7on,\u00a0<\/p><p>&#8211; expliquer,\u00a0<\/p><p>&#8211; manipuler des notions,\u00a0<\/p><p>&#8211;\u00a0 faire des exercices,\u00a0<\/p><p>&#8211; am\u00e9liorer ses m\u00e9thodes de travail,\u00a0<\/p><p>&#8211; conna\u00eetre ses points forts\/ points d&#8217;am\u00e9lioration,\u00a0<\/p><p>&#8211; reprendre confiance en soi&#8230;<\/p>\t\t\t\t\t\t\t\t<\/div>\n\t\t\t\t<\/div>\n\t\t\t\t\t<\/div>\n\t\t\t\t<\/div>\n\t\t<div class=\"elementor-element elementor-element-0f917ed e-flex e-con-boxed e-con e-parent\" data-id=\"0f917ed\" data-element_type=\"container\" data-e-type=\"container\">\n\t\t\t\t\t<div class=\"e-con-inner\">\n\t\t<div class=\"elementor-element elementor-element-8c38ffc e-grid e-con-full e-con e-child\" data-id=\"8c38ffc\" data-element_type=\"container\" data-e-type=\"container\">\n\t\t\t\t<div class=\"elementor-element elementor-element-ff15f79 elementor-widget elementor-widget-text-editor\" data-id=\"ff15f79\" data-element_type=\"widget\" data-e-type=\"widget\" data-widget_type=\"text-editor.default\">\n\t\t\t\t\t\t\t\t\t<h3>Animation en structure<\/h3>\t\t\t\t\t\t\t\t<\/div>\n\t\t\t\t<div class=\"elementor-element elementor-element-61a6b4a elementor-widget elementor-widget-text-editor\" data-id=\"61a6b4a\" data-element_type=\"widget\" data-e-type=\"widget\" data-widget_type=\"text-editor.default\">\n\t\t\t\t\t\t\t\t\t<p>Ce service comprend les \u00e9l\u00e9ments et d\u00e9roul\u00e9s convenus entre Maths&amp;Lau et la structure .<\/p>\t\t\t\t\t\t\t\t<\/div>\n\t\t\t\t<div class=\"elementor-element elementor-element-30ca434 elementor-widget elementor-widget-text-editor\" data-id=\"30ca434\" data-element_type=\"widget\" data-e-type=\"widget\" data-widget_type=\"text-editor.default\">\n\t\t\t\t\t\t\t\t\t<p>Le d\u00e9roulement est pr\u00e9vu et \u00e9crit dans le contrat pass\u00e9 entre Maths&amp;Lau et la structure.<\/p>\t\t\t\t\t\t\t\t<\/div>\n\t\t\t\t<div class=\"elementor-element elementor-element-89b378d elementor-widget elementor-widget-text-editor\" data-id=\"89b378d\" data-element_type=\"widget\" data-e-type=\"widget\" data-widget_type=\"text-editor.default\">\n\t\t\t\t\t\t\t\t\t<h3>F\u00eate d&#8217;anniversaire<\/h3>\t\t\t\t\t\t\t\t<\/div>\n\t\t\t\t<div class=\"elementor-element elementor-element-9222a32 elementor-widget elementor-widget-text-editor\" data-id=\"9222a32\" data-element_type=\"widget\" data-e-type=\"widget\" data-widget_type=\"text-editor.default\">\n\t\t\t\t\t\t\t\t\t<p>Deux formats sont propos\u00e9s actuellement:&nbsp;<\/p>\n<p>&#8211; animation durant environ 1h30 avec livret et petit objet math\u00e9matique par enfant (maximum 8)<\/p>\n<p>&#8211; animation durant environ 2h avec livret et petit objet math\u00e9matique par enfant (maximum 8)<\/p>\n<p><br><\/p>\t\t\t\t\t\t\t\t<\/div>\n\t\t\t\t<div class=\"elementor-element elementor-element-f24e53b elementor-widget elementor-widget-text-editor\" data-id=\"f24e53b\" data-element_type=\"widget\" data-e-type=\"widget\" data-widget_type=\"text-editor.default\">\n\t\t\t\t\t\t\t\t\t<p>Le d\u00e9roul\u00e9 est le suivant:<\/p><p>&#8211; accueil des participants et pr\u00e9sentation de l&#8217;animation<\/p><p>&#8211; accompagnement lors de la r\u00e9solution de l&#8217;\u00e9nigme\/ d\u00e9fi\/ escape game\/ chasse aux tr\u00e9sor<\/p><p>&#8211; distribution des surprises et cl\u00f4ture de l&#8217;animation&nbsp;<\/p>\t\t\t\t\t\t\t\t<\/div>\n\t\t\t\t<\/div>\n\t\t\t\t\t<\/div>\n\t\t\t\t<\/div>\n\t\t\t\t<\/div>\n\t\t","protected":false},"excerpt":{"rendered":"<p>Nos tarifs Vous trouverez ici les tarifs pratiqu\u00e9s. N&#8217;h\u00e9sitez pas \u00e0 nous contacter pour toutes questions et\/ ou informations !\u00a0\u00a0 Nous contacter Accompagnement en ligne Tarif:\u00a0 20\u20ac\/h pour le primaire 30\u20ac\/h pour le coll\u00e8ge 40\u20ac\/h pour le lyc\u00e9e 50\u20ac\/h apr\u00e8s le bac \u00a0 Le d\u00e9roulement est le suivant:\u00a0 &#8211; inscription sur un cr\u00e9neau d&#8217;1heure \u00e0 [&hellip;]<\/p>\n","protected":false},"author":1,"featured_media":0,"parent":0,"menu_order":0,"comment_status":"closed","ping_status":"closed","template":"elementor_header_footer","meta":{"footnotes":""},"class_list":["post-30","page","type-page","status-publish","hentry"],"_links":{"self":[{"href":"https:\/\/mathsetlau.ovh\/index.php\/wp-json\/wp\/v2\/pages\/30","targetHints":{"allow":["GET"]}}],"collection":[{"href":"https:\/\/mathsetlau.ovh\/index.php\/wp-json\/wp\/v2\/pages"}],"about":[{"href":"https:\/\/mathsetlau.ovh\/index.php\/wp-json\/wp\/v2\/types\/page"}],"author":[{"embeddable":true,"href":"https:\/\/mathsetlau.ovh\/index.php\/wp-json\/wp\/v2\/users\/1"}],"replies":[{"embeddable":true,"href":"https:\/\/mathsetlau.ovh\/index.php\/wp-json\/wp\/v2\/comments?post=30"}],"version-history":[{"count":55,"href":"https:\/\/mathsetlau.ovh\/index.php\/wp-json\/wp\/v2\/pages\/30\/revisions"}],"predecessor-version":[{"id":554,"href":"https:\/\/mathsetlau.ovh\/index.php\/wp-json\/wp\/v2\/pages\/30\/revisions\/554"}],"wp:attachment":[{"href":"https:\/\/mathsetlau.ovh\/index.php\/wp-json\/wp\/v2\/media?parent=30"}],"curies":[{"name":"wp","href":"https:\/\/api.w.org\/{rel}","templated":true}]}}